{"id":1252,"date":"2020-04-07T11:26:48","date_gmt":"2020-04-07T11:26:48","guid":{"rendered":"http:\/\/www.1.hastutveckling.se\/info\/?page_id=1252"},"modified":"2022-03-31T12:29:33","modified_gmt":"2022-03-31T12:29:33","slug":"framgangsrika-team","status":"publish","type":"page","link":"http:\/\/www.1.hastutveckling.se\/info\/framgangsrika-team\/","title":{"rendered":"Att skapa och leda framg\u00e5ngsrika team"},"content":{"rendered":"<p>[et_pb_section fb_built=&#8221;1&#8243; custom_padding=&#8221;350px||0vw|&#8221; custom_padding_tablet=&#8221;6vw||6vw|&#8221; custom_padding_phone=&#8221;8vw||8vw|&#8221; admin_label=&#8221;7-9 Header Divi Layout Kit&#8221; module_class=&#8221;header1&#8243; custom_padding_last_edited=&#8221;off|desktop&#8221; _builder_version=&#8221;3.0.59&#8243; use_background_color_gradient=&#8221;on&#8221; background_image=&#8221;http:\/\/www.1.hastutveckling.se\/info\/files\/2020\/04\/12.png&#8221;][et_pb_row _builder_version=&#8221;3.0.59&#8243;][et_pb_column type=&#8221;4_4&#8243; _builder_version=&#8221;3.0.47&#8243; parallax=&#8221;off&#8221; parallax_method=&#8221;on&#8221;][et_pb_text _builder_version=&#8221;3.0.59&#8243;][\/et_pb_text][\/et_pb_column][\/et_pb_row][\/et_pb_section][et_pb_section fb_built=&#8221;1&#8243; custom_padding=&#8221;0px|0px|0px|0px&#8221; module_class=&#8221;content14&#8243; _builder_version=&#8221;3.0.59&#8243;][et_pb_row custom_padding=&#8221;25px||5px|&#8221; _builder_version=&#8221;3.0.59&#8243;][et_pb_column type=&#8221;2_3&#8243; _builder_version=&#8221;3.0.47&#8243; parallax=&#8221;off&#8221; parallax_method=&#8221;on&#8221;][et_pb_text _builder_version=&#8221;3.0.59&#8243; inline_fonts=&#8221;Raleway&#8221;]<\/p>\n<h2><span style=\"color: #0c71c3;\"><strong>Att leda och utveckla framg\u00e5ngsrika team<\/strong><\/span><\/h2>\n<h2><\/h2>\n<h2><\/h2>\n<h2><span style=\"color: #0c71c3;\"><strong>Om utbildningen<\/strong><\/span><\/h2>\n<p>[\/et_pb_text][\/et_pb_column][et_pb_column type=&#8221;1_3&#8243; _builder_version=&#8221;3.0.47&#8243; parallax=&#8221;off&#8221; parallax_method=&#8221;on&#8221;][et_pb_image src=&#8221;http:\/\/www.1.hastutveckling.se\/info\/files\/2015\/03\/Hast_1-300&#215;74.png&#8221; max_width=&#8221;200px&#8221; force_fullwidth=&#8221;on&#8221; _builder_version=&#8221;3.0.59&#8243; custom_margin=&#8221;5px||10px|150px&#8221;][\/et_pb_image][et_pb_button button_url=&#8221;http:\/\/www.1.hastutveckling.se\/info\/online\/&#8221; button_text=&#8221;Hem&#8221; button_alignment=&#8221;right&#8221; _builder_version=&#8221;3.0.59&#8243; custom_button=&#8221;on&#8221; button_text_size=&#8221;12px&#8221; background_color=&#8221;#d62630&#8243;][\/et_pb_button][\/et_pb_column][\/et_pb_row][et_pb_row custom_padding=&#8221;5px||5px|&#8221; _builder_version=&#8221;3.0.59&#8243;][et_pb_column type=&#8221;4_4&#8243; _builder_version=&#8221;3.0.47&#8243; parallax=&#8221;off&#8221; parallax_method=&#8221;on&#8221;][et_pb_divider color=&#8221;#0c71c3&#8243; show_divider=&#8221;on&#8221; _builder_version=&#8221;3.0.59&#8243;][\/et_pb_divider][\/et_pb_column][\/et_pb_row][et_pb_row _builder_version=&#8221;3.0.59&#8243;][et_pb_column type=&#8221;1_2&#8243; _builder_version=&#8221;3.0.47&#8243; parallax=&#8221;off&#8221; parallax_method=&#8221;on&#8221;][et_pb_text _builder_version=&#8221;3.0.59&#8243;]<\/p>\n<p class=\"font_8\"><span style=\"font-size: large;\">I denna utbildning utforskar vi faktorer som p\u00e5verkar b\u00e5de st\u00e4mning, milj\u00f6 och\u00a0prestationsf\u00f6rm\u00e5ga n\u00e4r m\u00e4nniskor ska arbeta tillsammans och utforskar hur man i\u00a0vardagen kan skapa team som fungerar effektivt, samtidigt som vi skapar f\u00f6ruts\u00e4ttningar\u00a0f\u00f6r ett gynnsamt socialt och organisatorisk arbetsklimat.<\/span><\/p>\n<p class=\"font_8\"><span style=\"font-size: large;\">Vi varvar teori och befintlig forskning kring vad som p\u00e5verkar oss i teamarbete\/samarbete\u00a0med reflektion och tillf\u00e4llen f\u00f6r erfarenhetsutbyte mellan kursdeltagarna.<\/span><\/p>\n<p><strong>F\u00f6r digitala utbildningar g\u00e4ller:\u00a0<\/strong>Kl 09.00-15.00<br \/>\n+ F\u00f6rberedande uppgifter innan utbildningen, mer info kommer efter du anm\u00e4lt dig.<\/p>\n<p><strong>F\u00f6r \u201dLive\u201d utbildningar g\u00e4ller:<br \/>\n<\/strong>Dag 1: Kl 09.00 Registrering,<br \/>\nKl 09.30-16.00 Kurstid<br \/>\nDag 2: Kl 08.30 Registrering,<br \/>\nKl 09.00-16.00 Kurstid<\/p>\n<p>[\/et_pb_text][\/et_pb_column][et_pb_column type=&#8221;1_4&#8243; _builder_version=&#8221;3.0.47&#8243; parallax=&#8221;off&#8221; parallax_method=&#8221;on&#8221;][et_pb_text _builder_version=&#8221;3.0.59&#8243;]<\/p>\n<h4><strong>13-14 okt, 2022 \u2013 2 dgr \u2013 Stockholm\u00a0<\/strong><\/h4>\n<h4><\/h4>\n<h4><strong>25-26 okt, 2022 \u2013 2 dgr \u2013 G\u00f6teborg <\/strong><\/h4>\n<h4><\/h4>\n<h4><strong>13-14 dec, 2022 \u2013 2 dgr \u2013 Stockholm <\/strong><\/h4>\n<h4><\/h4>\n<h4><strong>6-7 dec, 2022 \u2013 2 dgr \u2013 G\u00f6teborg<\/strong><\/h4>\n<p class=\"\" style=\"text-align: center;\">\n<p>[\/et_pb_text][\/et_pb_column][et_pb_column type=&#8221;1_4&#8243; _builder_version=&#8221;3.0.47&#8243; parallax=&#8221;off&#8221; parallax_method=&#8221;on&#8221;][et_pb_text _builder_version=&#8221;3.0.59&#8243;]<\/p>\n<p style=\"text-align: right;\"><span style=\"font-size: large;\"><strong>\u00a0 \u00a0\u00a0<\/strong><\/span><strong style=\"color: #008eba; font-size: x-large;\">10.990 kr<\/strong><\/p>\n<p class=\"\" style=\"text-align: right;\"><span style=\"font-size: medium; color: #008eba;\"><strong>exkl. moms<\/strong><\/span><\/p>\n<p class=\"et-fb-mce-line-break-holder\" style=\"text-align: center;\">[\/et_pb_text][\/et_pb_column][\/et_pb_row][et_pb_row custom_padding=&#8221;5px||5px|&#8221; _builder_version=&#8221;3.0.59&#8243;][et_pb_column type=&#8221;4_4&#8243; _builder_version=&#8221;3.0.47&#8243; parallax=&#8221;off&#8221; parallax_method=&#8221;on&#8221;][et_pb_text _builder_version=&#8221;3.0.59&#8243; inline_fonts=&#8221;Raleway&#8221;]<\/p>\n<h2><span style=\"color: #0c71c3;\"><strong>Utbildningsm\u00e5l<\/strong><\/span><\/h2>\n<p class=\"et-fb-mce-line-break-holder\" style=\"text-align: center;\">[\/et_pb_text][\/et_pb_column][\/et_pb_row][et_pb_row custom_padding=&#8221;5px||5px|&#8221; _builder_version=&#8221;3.0.59&#8243;][et_pb_column type=&#8221;4_4&#8243; _builder_version=&#8221;3.0.47&#8243; parallax=&#8221;off&#8221; parallax_method=&#8221;on&#8221;][et_pb_divider color=&#8221;#0c71c3&#8243; show_divider=&#8221;on&#8221; _builder_version=&#8221;3.0.59&#8243;][\/et_pb_divider][\/et_pb_column][\/et_pb_row][et_pb_row custom_padding=&#8221;10px|||&#8221; _builder_version=&#8221;3.0.59&#8243;][et_pb_column type=&#8221;4_4&#8243; _builder_version=&#8221;3.0.47&#8243; parallax=&#8221;off&#8221; parallax_method=&#8221;on&#8221;][et_pb_text _builder_version=&#8221;3.0.59&#8243;]<\/p>\n<p><span style=\"font-size: large;\">M\u00e5let med\u00a0utbildningen \u00e4r att du ska ha f\u00e5tt en \u00f6kad f\u00f6rst\u00e5else f\u00f6r hur ditt\u00a0beteende p\u00e5verkar grupper och hur grupper\u00a0p\u00e5verkar dig, om hur du bem\u00f6ter varje individs olikheter och hur du genom konkreta verktyg och modeller skapar ett gynnsamt arbetsklimat.<\/span><\/p>\n<p class=\"et-fb-mce-line-break-holder\" style=\"text-align: center;\">[\/et_pb_text][\/et_pb_column][\/et_pb_row][et_pb_row custom_padding=&#8221;5px||5px|&#8221; _builder_version=&#8221;3.0.59&#8243;][et_pb_column type=&#8221;4_4&#8243; _builder_version=&#8221;3.0.47&#8243; parallax=&#8221;off&#8221; parallax_method=&#8221;on&#8221;][et_pb_text _builder_version=&#8221;3.0.59&#8243; inline_fonts=&#8221;Raleway&#8221;]<\/p>\n<h2><\/h2>\n<h2 class=\"font_8\"><strong><span style=\"color: #0c71c3;\">Ur inneh\u00e5llet<\/span><\/strong><\/h2>\n<p class=\"et-fb-mce-line-break-holder\" style=\"text-align: center;\">[\/et_pb_text][\/et_pb_column][\/et_pb_row][et_pb_row custom_padding=&#8221;5px||5px|&#8221; _builder_version=&#8221;3.0.59&#8243;][et_pb_column type=&#8221;4_4&#8243; _builder_version=&#8221;3.0.47&#8243; parallax=&#8221;off&#8221; parallax_method=&#8221;on&#8221;][et_pb_divider color=&#8221;#0c71c3&#8243; show_divider=&#8221;on&#8221; _builder_version=&#8221;3.0.59&#8243;][\/et_pb_divider][\/et_pb_column][\/et_pb_row][et_pb_row _builder_version=&#8221;3.0.59&#8243;][et_pb_column type=&#8221;4_4&#8243; _builder_version=&#8221;3.0.47&#8243; parallax=&#8221;off&#8221; parallax_method=&#8221;on&#8221;][et_pb_text _builder_version=&#8221;3.0.59&#8243; inline_fonts=&#8221;Bevan&#8221;]<\/p>\n<h3 class=\"font_8\"><strong>S\u00e5 bygger du v\u00e4lfungerande team<\/strong><\/h3>\n<ul>\n<li class=\"font_8\"><strong>K\u00e4nnetecken och egenskaper i ett v\u00e4lfungerande team<\/strong><\/li>\n<li class=\"font_8\"><strong>Fallgropar f\u00f6r teamet<\/strong><\/li>\n<li class=\"font_8\"><strong>S\u00e5 fungerar motivation i grupp &#8211; skapa f\u00f6ruts\u00e4ttningar f\u00f6r h\u00f6g motivation<\/strong><\/li>\n<\/ul>\n<h4 class=\"font_8\"><strong>\u00a0<\/strong><\/h4>\n<h3 class=\"font_8\"><strong>Effektiv kommunikation<\/strong><\/h3>\n<ul>\n<li class=\"font_8\"><strong>7 nycklar f\u00f6r lyckade m\u00f6ten och presentationer inf\u00f6r grupp<\/strong><\/li>\n<li class=\"font_8\"><strong>Att skapa medarbetarsamtal som g\u00f6r skillnad<\/strong><\/li>\n<li class=\"font_8\"><strong>Arbetsformer som genererar engagemang<\/strong><\/li>\n<\/ul>\n<h4 class=\"font_8\"><strong>\u00a0<\/strong><\/h4>\n<h3 class=\"font_8\"><strong>Strukturarbete i ditt team &#8211; S\u00e5 f\u00e5r ni kontroll<\/strong><\/h3>\n<ul>\n<li class=\"font_8\"><strong>S\u00e5 skapar du tydliga och effektiva team-m\u00e5l<\/strong><\/li>\n<li class=\"font_8\"><strong>Att bryta ner teamm\u00e5len p\u00e5 individniv\u00e5<\/strong><\/li>\n<li class=\"font_8\"><strong>Struktur f\u00f6r uppf\u00f6ljning<\/strong><\/li>\n<\/ul>\n<h4 class=\"font_8\"><strong>\u00a0<\/strong><\/h4>\n<h3 class=\"font_8\"><strong>S\u00e5 utvecklar du en sund och bra teamkultur<\/strong><\/h3>\n<ul>\n<li class=\"font_8\"><strong>Social och organisatorisk arbetsmilj\u00f6 i teamet, hur g\u00f6ra?<\/strong><\/li>\n<li class=\"font_8\"><strong>Konsten att ge och ta feedback i gruppen<\/strong><\/li>\n<li class=\"font_8\"><strong>F\u00f6rebyggande arbete f\u00f6r en v\u00e4lm\u00e5ende kultur<\/strong><\/li>\n<\/ul>\n<h4 class=\"font_8\"><strong>\u00a0<\/strong><\/h4>\n<h3 class=\"font_8\"><strong>F\u00e5 fram det b\u00e4sta av varje medarbetare\/kollega<\/strong><\/h3>\n<ul>\n<li class=\"font_8\"><strong>V\u00e5ra olikheter och hur man hanterar olika beteendestilar i teamet<\/strong><\/li>\n<li class=\"font_8\"><strong>Att bygga p\u00e5 styrkor och inte p\u00e5 brister<\/strong><\/li>\n<li class=\"font_8\"><strong>Spelregler och ramar f\u00f6r teamet\u2013 vad ska man t\u00e4nka p\u00e5?<\/strong><\/li>\n<\/ul>\n<p class=\"et-fb-mce-line-break-holder\" style=\"text-align: center;\">[\/et_pb_text][\/et_pb_column][\/et_pb_row][et_pb_row custom_padding=&#8221;5px||5px|&#8221; _builder_version=&#8221;3.0.59&#8243;][et_pb_column type=&#8221;4_4&#8243; _builder_version=&#8221;3.0.47&#8243; parallax=&#8221;off&#8221; parallax_method=&#8221;on&#8221;][et_pb_divider color=&#8221;#0c71c3&#8243; show_divider=&#8221;on&#8221; _builder_version=&#8221;3.0.59&#8243;][\/et_pb_divider][\/et_pb_column][\/et_pb_row][\/et_pb_section][et_pb_section fb_built=&#8221;1&#8243; custom_padding=&#8221;25px|0px|54px|0px&#8221; module_id=&#8221;contactform&#8221; _builder_version=&#8221;3.0.59&#8243; use_background_color_gradient=&#8221;on&#8221; background_color_gradient_start=&#8221;#29c4a9&#8243; background_color_gradient_end=&#8221;#2b87da&#8221; background_position=&#8221;bottom_center&#8221; saved_tabs=&#8221;all&#8221;][et_pb_row custom_padding=&#8221;54px|0px|27px|0px&#8221; _builder_version=&#8221;3.0.47&#8243; background_size=&#8221;initial&#8221; background_position=&#8221;top_left&#8221; background_repeat=&#8221;repeat&#8221;][et_pb_column type=&#8221;4_4&#8243; _builder_version=&#8221;3.0.47&#8243; parallax=&#8221;off&#8221; parallax_method=&#8221;on&#8221;][et_pb_cta use_background_color=&#8221;off&#8221; _builder_version=&#8221;3.0.59&#8243; background_size=&#8221;initial&#8221; background_position=&#8221;top_left&#8221; background_repeat=&#8221;repeat&#8221; inline_fonts=&#8221;Raleway&#8221;]<\/p>\n<p><span style=\"font-size: xx-large;\"><strong>Ta kontakt med oss f\u00f6r mer information<\/strong><\/span><\/p>\n<p class=\"\"><span style=\"font-size: large;\"><strong>*L\u00e4mna ett telefonnummer om du vill blir uppringd!<\/strong><\/span><\/p>\n<p class=\"et-fb-mce-line-break-holder\" style=\"text-align: center;\">[\/et_pb_cta][\/et_pb_column][\/et_pb_row][et_pb_row use_custom_width=&#8221;on&#8221; custom_width_px=&#8221;800px&#8221; custom_padding=&#8221;0px|0px|0px|0px&#8221; _builder_version=&#8221;3.0.59&#8243;][et_pb_column type=&#8221;4_4&#8243; _builder_version=&#8221;3.0.47&#8243; parallax=&#8221;off&#8221; parallax_method=&#8221;on&#8221;][et_pb_contact_form email=&#8221;info@hastutveckling.se&#8221; custom_message=&#8221;Anm\u00e4lan till \u00d6ppen Kurser f\u00f6r %%Name%% fr\u00e5n %%Company%%, tel %%Phone%%, email %%Email%% Tillf\u00e4lle: %%Kurs%%||et_pb_line_break_holder||||et_pb_line_break_holder||%%V\u00e4lj%%||et_pb_line_break_holder||||et_pb_line_break_holder||Meddelande:||et_pb_line_break_holder||%%Message%%&#8221; success_message=&#8221;HURRA! Din email har skickats! Vi kommer att h\u00f6ra av oss inom kort.&#8221; submit_button_text=&#8221;Skicka!&#8221; module_id=&#8221;et_pb_contact_form_0&#8243; _builder_version=&#8221;3.0.59&#8243; title_text_color=&#8221;#000000&#8243; form_field_font_size=&#8221;16px&#8221; form_field_text_color=&#8221;#3f3f3f&#8221; custom_button=&#8221;on&#8221; button_text_color=&#8221;#333333&#8243; button_bg_color=&#8221;rgba(255,255,255,0.7)&#8221; button_border_color=&#8221;#9e9e9e&#8221; button_font=&#8221;|on|||&#8221; button_bg_color_hover=&#8221;rgba(255,255,255,0.46)&#8221;][et_pb_contact_field field_id=&#8221;Name&#8221; field_title=&#8221;Namn&#8221; min_length=&#8221;4&#8243; field_background_color=&#8221;rgba(255,255,255,0.7)&#8221; _builder_version=&#8221;3.0.47&#8243; form_field_text_color=&#8221;rgba(63,63,63,0.62)&#8221;][\/et_pb_contact_field][et_pb_contact_field field_id=&#8221;Company&#8221; field_title=&#8221;F\u00f6retag&#8221; field_background_color=&#8221;rgba(255,255,255,0.7)&#8221; _builder_version=&#8221;3.0.47&#8243; form_field_text_color=&#8221;rgba(63,63,63,0.54)&#8221;][\/et_pb_contact_field][et_pb_contact_field field_id=&#8221;Phone&#8221; field_title=&#8221;Telefon &#8221; field_background_color=&#8221;rgba(255,255,255,0.7)&#8221; _builder_version=&#8221;3.0.47&#8243; form_field_text_color=&#8221;rgba(63,63,63,0.54)&#8221;][\/et_pb_contact_field][et_pb_contact_field field_id=&#8221;Email&#8221; field_title=&#8221;Email&#8221; field_type=&#8221;email&#8221; field_background_color=&#8221;rgba(255,255,255,0.7)&#8221; _builder_version=&#8221;3.0.47&#8243; form_field_text_color=&#8221;rgba(63,63,63,0.54)&#8221;][\/et_pb_contact_field][et_pb_contact_field field_id=&#8221;Message&#8221; field_title=&#8221;Meddelande&#8221; field_type=&#8221;text&#8221; fullwidth_field=&#8221;on&#8221; field_background_color=&#8221;rgba(255,255,255,0.7)&#8221; _builder_version=&#8221;3.0.47&#8243; form_field_text_color=&#8221;#828282&#8243;][\/et_pb_contact_field][et_pb_contact_field field_id=&#8221;Kurs&#8221; field_title=&#8221;Tillf\u00e4lle&#8221; field_type=&#8221;select&#8221; select_options=&#8221;%91{%22value%22:%2210-11 maj, 2021 &#8211;\u00a02 dgr &#8211; STK\/Digitalt &#8211; Att leda och utveckla framg\u00e5ngsrika team%22,%22checked%22:0,%22dragID%22:1},{%22value%22:%2219-20 maj, 2021 &#8211; GBG\/Malm\u00f6 &#8211; Att leda och utveckla framg\u00e5ngsrika team%22,%22checked%22:0,%22dragID%22:2}%93&#8243; fullwidth_field=&#8221;on&#8221; field_background_color=&#8221;#b0ddf4&#8243; _builder_version=&#8221;3.0.59&#8243;][\/et_pb_contact_field][et_pb_contact_field field_id=&#8221;V\u00e4lj&#8221; field_title=&#8221;V\u00e4lj&#8221; field_type=&#8221;select&#8221; select_options=&#8221;%91{%22value%22:%22Ja tack, jag vill anm\u00e4la mig till f\u00f6ljande utbildning %22,%22checked%22:0,%22dragID%22:0},{%22value%22:%22Ja tack, jag vill att ni kontaktar mig f\u00f6r mer information%22,%22checked%22:0,%22dragID%22:1}%93&#8243; fullwidth_field=&#8221;on&#8221; _builder_version=&#8221;3.0.59&#8243;][\/et_pb_contact_field][\/et_pb_contact_form][\/et_pb_column][\/et_pb_row][et_pb_row use_custom_width=&#8221;on&#8221; custom_width_px=&#8221;800px&#8221; custom_padding=&#8221;0px|0px|59px|0px&#8221; _builder_version=&#8221;3.0.59&#8243;][et_pb_column type=&#8221;4_4&#8243; _builder_version=&#8221;3.0.47&#8243; parallax=&#8221;off&#8221; parallax_method=&#8221;on&#8221;][et_pb_text background_layout=&#8221;dark&#8221; text_orientation=&#8221;right&#8221; _builder_version=&#8221;3.0.59&#8243; text_font_size=&#8221;11px&#8221; text_font_size_phone=&#8221;10px&#8221; text_font_size_last_edited=&#8221;on|desktop&#8221; text_text_color=&#8221;#ffffff&#8221;]<\/p>\n<p style=\"text-align: right;\">F\u00f6r att \u00f6ka s\u00e4kerheten p\u00e5 formul\u00e4ret s\u00e5 anv\u00e4nder vi siffer-captcha. Ber\u00e4kna talet innan du klickar p\u00e5 &#8220;Skicka anm\u00e4lan&#8221;<\/p>\n<p class=\"N-ZiCg direction-ltr align-center para-style-body et-fb-mce-line-break-holder\" style=\"text-align: center;\">[\/et_pb_text][\/et_pb_column][\/et_pb_row][\/et_pb_section][et_pb_section fb_built=&#8221;1&#8243; _builder_version=&#8221;3.0.59&#8243; global_module=&#8221;1821&#8243; saved_tabs=&#8221;all&#8221;][et_pb_row _builder_version=&#8221;3.0.59&#8243;][et_pb_column type=&#8221;4_4&#8243; _builder_version=&#8221;3.0.47&#8243; parallax=&#8221;off&#8221; parallax_method=&#8221;on&#8221;][et_pb_text _builder_version=&#8221;3.0.59&#8243;]<\/p>\n<p><span style=\"font-size: large;\"><strong>K\u00d6PVILLKOR<\/strong><\/span><\/p>\n<p><strong>Betalning<\/strong><\/p>\n<ul>\n<li>Deltagare \u00e4r anm\u00e4ld s\u00e5 snart HAST Utveckling har bekr\u00e4ftat bokningen, anm\u00e4lan \u00e4r bindande.<\/li>\n<li>Utbildningen betalas i f\u00f6rskott och betalningsvillkoren \u00e4r 30 dagar netto fr\u00e5n fakturadatumet.<\/li>\n<li>Fakturan p\u00e5 deltagaravgiften skickas inom ca 1 vecka efter mottagen anm\u00e4lan. Moms tillkommer<br \/>\np\u00e5 alla priser och g\u00e4ller med reservation f\u00f6r eventuella felskrivningar.<\/li>\n<li>Efter f\u00f6rfallodagen debiteras dr\u00f6jsm\u00e5lsr\u00e4nta med 8,5%<\/li>\n<\/ul>\n<p><strong>Avanm\u00e4lan eller sjukdom<\/strong><\/p>\n<ul>\n<li>Om du innan utbildningstillf\u00e4llet vet att du f\u00e5tt f\u00f6rhinder, kan du avboka din plats upp till 5 veckor<br \/>\ninnan starten p\u00e5 din utbildning. Det fakturerade beloppet f\u00f6r utbildningen betalas d\u00e5 tillbaka minus<br \/>\natt avdrag f\u00f6r en avbokningskostnad p\u00e5 1000 kr exkl moms.<\/li>\n<li>Vid avanm\u00e4lan eller sjukdom mindre \u00e4n 5 veckor innan startdatumet p\u00e5 din utbildning kan du omboka<br \/>\ntill ett annat datumtillf\u00e4lle inom 12 m\u00e5n fr\u00e5n utbildningens startdatum. Alternativt kan din plats \u00f6verl\u00e5tas till en kollega<br \/>\ninom din verksamhet\/f\u00f6retag utan kostnad. Skicka oss d\u00e5 ett mejl d\u00e4r du uppger kollegas namn, mobilnummer samt e-post adress.<\/li>\n<li>Vid sjukdom f\u00f6r egen del eller n\u00e4rst\u00e5endes del samma dag som utbildningen startar s\u00e5 att du inte kan n\u00e4rvara p\u00e5 utbildningen<br \/>\nhar du m\u00f6jlighet att mejla oss ett sjukintyg s\u00e5 g\u00f6r vi vad vi kan f\u00f6r att hj\u00e4lpa dig byta till ett annat tillf\u00e4lle.<\/li>\n<\/ul>\n<p><strong>Inst\u00e4lld kurs<\/strong><\/p>\n<ul>\n<li>Vi reserverar oss f\u00f6r f\u00f6r\u00e4ndringar i v\u00e5ra program och utbud<\/li>\n<li>HAST Utveckling AB kan komma att beh\u00f6va st\u00e4lla in en utbildning p g a f\u00f6r f\u00e5 deltagare eller andra faktorer<br \/>\nutanf\u00f6r v\u00e5r kontroll. I dessa l\u00e4gen blir du informerad via e-post snarast m\u00f6jligt. Du f\u00e5r d\u00e5 m\u00f6jlighet att deltaga p\u00e5 samma<br \/>\nutbildning vid ett senare tillf\u00e4lle (inom 12 m\u00e5nader fr\u00e5n ditt ursprungliga bokade utbildningstillf\u00e4lle) alternativt<br \/>\nv\u00e4ljer du om du \u00f6nskar erh\u00e5lla ett v\u00e4rdebevis f\u00f6r annan utbildning hos oss. Skulle utbildningen komma att strykas helt fr\u00e5n<br \/>\nv\u00e5rt utbud av program och utbildningar kommer din utbildningsavgift att \u00e5terbetalas.<\/li>\n<li>I samband med inst\u00e4llda kurser \u00e4r HAST Utveckling AB \u00e4r inte ers\u00e4ttningsskyldig n\u00e4r det g\u00e4ller kostnader f\u00f6r resekostnader<br \/>\n(t ex bil, t\u00e5g, flyg), hotellbokningar eller liknande.<\/li>\n<\/ul>\n<p class=\"N-ZiCg direction-ltr align-center para-style-body et-fb-mce-line-break-holder\" style=\"text-align: center;\">[\/et_pb_text][\/et_pb_column][\/et_pb_row][\/et_pb_section][et_pb_section fb_built=&#8221;1&#8243; custom_padding=&#8221;54px|0px|46px|0px&#8221; _builder_version=&#8221;3.0.59&#8243; background_image=&#8221;http:\/\/www.1.hastutveckling.se\/info\/files\/2017\/09\/footer-background.jpg&#8221;][et_pb_row custom_padding=&#8221;27px|0px|0px|0px&#8221; _builder_version=&#8221;3.0.59&#8243;][et_pb_column type=&#8221;1_3&#8243; _builder_version=&#8221;3.0.47&#8243; parallax=&#8221;off&#8221; parallax_method=&#8221;on&#8221;][et_pb_cta title=&#8221;OM HAST UTVECKLING&#8221; use_background_color=&#8221;off&#8221; background_layout=&#8221;light&#8221; _builder_version=&#8221;3.0.59&#8243;]<\/p>\n<p>Vi har en passion f\u00f6r att bidra till insikter som ger best\u00e5ende resultat b\u00e5de f\u00f6r individer och organisationer. Inom omr\u00e5den som Kommunikation, Effektivitet och Ledarskap har vi sedan 2001 utvecklat chefer och medarbetare i \u00f6ver 25% av Sveriges st\u00f6rsta f\u00f6retag. <span style=\"color: #0c71c3;\"><a title=\"HAST Utveckling - mission\" href=\"http:\/\/www.1.hastutveckling.se\/hast-mission\/\" target=\"_blank\" rel=\"noopener noreferrer\">L\u00e4s mer om HAST Utveckling.\u00a0<\/a><\/span><\/p>\n<p class=\"N-ZiCg direction-ltr align-center para-style-body et-fb-mce-line-break-holder\" style=\"text-align: center;\">[\/et_pb_cta][\/et_pb_column][et_pb_column type=&#8221;1_3&#8243; _builder_version=&#8221;3.0.47&#8243; parallax=&#8221;off&#8221; parallax_method=&#8221;on&#8221;][et_pb_cta title=&#8221;ADRESS&#8221; use_background_color=&#8221;off&#8221; background_layout=&#8221;light&#8221; _builder_version=&#8221;3.0.59&#8243;]<\/p>\n<p>HAST UTVECKLING AB <span style=\"font-size: 14px;\">M\u00c4SSANS GATA 10, 7 TR <\/span><span style=\"font-size: 14px;\">G\u00d6TEBORG<\/span> TEL: +46 31-56 25 20 <a title=\"Till kontaktformul\u00e4ret!\" href=\"#\">Skicka oss ett mail!<\/a><\/p>\n<p class=\"N-ZiCg direction-ltr align-center para-style-body et-fb-mce-line-break-holder\" style=\"text-align: center;\">[\/et_pb_cta][\/et_pb_column][et_pb_column type=&#8221;1_3&#8243; _builder_version=&#8221;3.0.47&#8243; parallax=&#8221;off&#8221; parallax_method=&#8221;on&#8221;][et_pb_cta title=&#8221;NYHETSBREV&#8221; use_background_color=&#8221;off&#8221; background_layout=&#8221;light&#8221; _builder_version=&#8221;3.0.59&#8243;]<\/p>\n<p>En g\u00e5ng per m\u00e5nad skriver mina kollegor p\u00e5 HAST Utveckling och jag om \u00e4mnen som vi arbetar med. Du kan anm\u00e4la dig som prenumerant till det nyhetsbrevet <a title=\"Anm\u00e4lan - HAST Nyhetsbrev\" href=\"http:\/\/hastutveckling.us1.list-manage.com\/subscribe?u=e21db02390cc6082f1e4b765c&amp;id=cb023ce579\" target=\"_blank\" rel=\"noopener noreferrer\">h\u00e4r<\/a><\/p>\n<p class=\"N-ZiCg direction-ltr align-center para-style-body et-fb-mce-line-break-holder\" style=\"text-align: center;\">[\/et_pb_cta][et_pb_cta title=&#8221;PRIVACY POLICY&#8221; use_background_color=&#8221;off&#8221; background_layout=&#8221;light&#8221; _builder_version=&#8221;3.0.59&#8243;]<\/p>\n<p>L\u00e4s v\u00e5ra Privacy Policy h\u00e4r:\u00a0<a title=\"Wilhelm Hast - BLOGG\" href=\"http:\/\/www.1.hastutveckling.se\/info\/files\/2018\/05\/updated-privacy-policy-may-2018.pdf\">KLICKA H\u00c4R<\/a><\/p>\n<p class=\"N-ZiCg direction-ltr align-center para-style-body et-fb-mce-line-break-holder\" style=\"text-align: center;\">[\/et_pb_cta][\/et_pb_column][\/et_pb_row][\/et_pb_section]<\/p>\n","protected":false},"excerpt":{"rendered":"<p>[et_pb_section fb_built=&#8221;1&#8243; custom_padding=&#8221;350px||0vw|&#8221; custom_padding_tablet=&#8221;6vw||6vw|&#8221; custom_padding_phone=&#8221;8vw||8vw|&#8221; admin_label=&#8221;7-9 Header Divi Layout Kit&#8221; module_class=&#8221;header1&#8243; custom_padding_last_edited=&#8221;off|desktop&#8221; _builder_version=&#8221;3.0.59&#8243; use_background_color_gradient=&#8221;on&#8221; background_image=&#8221;http:\/\/www.1.hastutveckling.se\/info\/files\/2020\/04\/12.png&#8221;][et_pb_row _builder_version=&#8221;3.0.59&#8243;][et_pb_column type=&#8221;4_4&#8243; _builder_version=&#8221;3.0.47&#8243; parallax=&#8221;off&#8221; parallax_method=&#8221;on&#8221;][et_pb_text _builder_version=&#8221;3.0.59&#8243;][\/et_pb_text][\/et_pb_column][\/et_pb_row][\/et_pb_section][et_pb_section fb_built=&#8221;1&#8243; custom_padding=&#8221;0px|0px|0px|0px&#8221; module_class=&#8221;content14&#8243; _builder_version=&#8221;3.0.59&#8243;][et_pb_row custom_padding=&#8221;25px||5px|&#8221; _builder_version=&#8221;3.0.59&#8243;][et_pb_column type=&#8221;2_3&#8243; _builder_version=&#8221;3.0.47&#8243; parallax=&#8221;off&#8221; parallax_method=&#8221;on&#8221;][et_pb_text _builder_version=&#8221;3.0.59&#8243; inline_fonts=&#8221;Raleway&#8221;] Att leda och utveckla framg\u00e5ngsrika team Om utbildningen [\/et_pb_text][\/et_pb_column][et_pb_column type=&#8221;1_3&#8243; _builder_version=&#8221;3.0.47&#8243; parallax=&#8221;off&#8221; parallax_method=&#8221;on&#8221;][et_pb_image src=&#8221;http:\/\/www.1.hastutveckling.se\/info\/files\/2015\/03\/Hast_1-300&#215;74.png&#8221; max_width=&#8221;200px&#8221; force_fullwidth=&#8221;on&#8221; _builder_version=&#8221;3.0.59&#8243; custom_margin=&#8221;5px||10px|150px&#8221;][\/et_pb_image][et_pb_button button_url=&#8221;http:\/\/www.1.hastutveckling.se\/info\/online\/&#8221; button_text=&#8221;Hem&#8221; button_alignment=&#8221;right&#8221; _builder_version=&#8221;3.0.59&#8243; [&hellip;]<\/p>\n","protected":false},"author":3,"featured_media":0,"parent":0,"menu_order":0,"comment_status":"closed","ping_status":"closed","template":"page-template-blank.php","meta":[],"_links":{"self":[{"href":"http:\/\/www.1.hastutveckling.se\/info\/wp-json\/wp\/v2\/pages\/1252"}],"collection":[{"href":"http:\/\/www.1.hastutveckling.se\/info\/wp-json\/wp\/v2\/pages"}],"about":[{"href":"http:\/\/www.1.hastutveckling.se\/info\/wp-json\/wp\/v2\/types\/page"}],"author":[{"embeddable":true,"href":"http:\/\/www.1.hastutveckling.se\/info\/wp-json\/wp\/v2\/users\/3"}],"replies":[{"embeddable":true,"href":"http:\/\/www.1.hastutveckling.se\/info\/wp-json\/wp\/v2\/comments?post=1252"}],"version-history":[{"count":36,"href":"http:\/\/www.1.hastutveckling.se\/info\/wp-json\/wp\/v2\/pages\/1252\/revisions"}],"predecessor-version":[{"id":2576,"href":"http:\/\/www.1.hastutveckling.se\/info\/wp-json\/wp\/v2\/pages\/1252\/revisions\/2576"}],"wp:attachment":[{"href":"http:\/\/www.1.hastutveckling.se\/info\/wp-json\/wp\/v2\/media?parent=1252"}],"curies":[{"name":"wp","href":"https:\/\/api.w.org\/{rel}","templated":true}]}}