{"id":1342,"date":"2020-04-08T08:11:12","date_gmt":"2020-04-08T08:11:12","guid":{"rendered":"http:\/\/www.1.hastutveckling.se\/info\/?page_id=1342"},"modified":"2020-06-17T08:33:23","modified_gmt":"2020-06-17T08:33:23","slug":"effektiva-digitala-moten","status":"publish","type":"page","link":"http:\/\/www.1.hastutveckling.se\/info\/effektiva-digitala-moten\/","title":{"rendered":"Effektiva digitala m\u00f6ten"},"content":{"rendered":"<p>[et_pb_section bb_built=&#8221;1&#8243; admin_label=&#8221;7-9 Header Divi Layout Kit&#8221; custom_padding=&#8221;350px||0vw|&#8221; custom_padding_tablet=&#8221;6vw||6vw|&#8221; custom_padding_phone=&#8221;8vw||8vw|&#8221; module_class=&#8221;header1&#8243; custom_padding_last_edited=&#8221;off|desktop&#8221; _builder_version=&#8221;3.0.59&#8243; use_background_color_gradient=&#8221;on&#8221; background_image=&#8221;http:\/\/www.1.hastutveckling.se\/info\/files\/2020\/04\/20.png&#8221;][et_pb_row _builder_version=&#8221;3.0.59&#8243;][et_pb_column type=&#8221;4_4&#8243;][et_pb_text _builder_version=&#8221;3.0.59&#8243; \/][\/et_pb_column][\/et_pb_row][\/et_pb_section][et_pb_section bb_built=&#8221;1&#8243; custom_padding=&#8221;0px|0px|0px|0px&#8221; module_class=&#8221;content14&#8243; _builder_version=&#8221;3.0.59&#8243;][et_pb_row custom_padding=&#8221;25px||5px|&#8221; _builder_version=&#8221;3.0.59&#8243;][et_pb_column type=&#8221;2_3&#8243;][et_pb_text _builder_version=&#8221;3.0.59&#8243; inline_fonts=&#8221;Raleway&#8221;]<\/p>\n<h2><\/h2>\n<p><span style=\"font-size: x-large; color: #0c71c3;\"><b>Utbildning: &#8220;Att leda digitala m\u00f6ten effektivt&#8221;<\/b><\/span><\/p>\n<p>[\/et_pb_text][\/et_pb_column][et_pb_column type=&#8221;1_3&#8243;][et_pb_image src=&#8221;http:\/\/www.1.hastutveckling.se\/info\/files\/2015\/03\/Hast_1-300&#215;74.png&#8221; max_width=&#8221;200px&#8221; force_fullwidth=&#8221;on&#8221; _builder_version=&#8221;3.0.59&#8243; custom_margin=&#8221;|||150px&#8221; \/][et_pb_button button_url=&#8221;http:\/\/www.1.hastutveckling.se\/info\/digitala-moten\/&#8221; button_text=&#8221;Hem&#8221; button_alignment=&#8221;right&#8221; _builder_version=&#8221;3.0.59&#8243; custom_button=&#8221;on&#8221; button_text_size=&#8221;12px&#8221; background_color=&#8221;#d62630&#8243; \/][\/et_pb_column][\/et_pb_row][et_pb_row custom_padding=&#8221;5px||5px|&#8221; _builder_version=&#8221;3.0.59&#8243;][et_pb_column type=&#8221;4_4&#8243;][et_pb_divider color=&#8221;#0c71c3&#8243; show_divider=&#8221;on&#8221; _builder_version=&#8221;3.0.59&#8243; \/][\/et_pb_column][\/et_pb_row][et_pb_row _builder_version=&#8221;3.0.59&#8243;][et_pb_column type=&#8221;4_4&#8243;][et_pb_text _builder_version=&#8221;3.0.59&#8243;]<\/p>\n<p><span style=\"font-size: large;\">Denna utbildning syftar till att ge dig grunderna f\u00f6r att b\u00e5de k\u00e4nna dig bekv\u00e4m med tekniken samt att hantera de viktigaste knapparna och inst\u00e4llningarna. Vad vi ocks\u00e5 vet sedan tidigare \u00e4r, att \u00e4ven om all teknik \u00e4r p\u00e5 plats, s\u00e5 garanterar inte det engagerande och effektiva m\u00f6ten som faktiskt ger det resultat vi \u00f6nskar. D\u00e4rf\u00f6r v\u00e4ver vi sj\u00e4lvklart in v\u00e5ra egna f\u00e4ngslande nycklar kring att skapa ett gott m\u00f6tesklimat. Tillsammans med smarta strukturer och praktiska hands-on tips f\u00e5r du en klok helhet f\u00f6r ovanligt lyckade digitala m\u00f6ten!<\/span><\/p>\n<p>&nbsp;<\/p>\n<p><span style=\"font-size: large;\"><strong>Syften:<\/strong><\/span><\/p>\n<ul>\n<li><span style=\"font-size: large;\">Att bli medveten om vilka m\u00e4nskliga beteenden vi beh\u00f6ver vara uppm\u00e4rksamma p\u00e5<\/span><\/li>\n<li><span style=\"font-size: large;\">Att ge kunskap kring praktiska f\u00f6rberedelser b\u00e5de f\u00f6re, under och efter m\u00f6tet<\/span><\/li>\n<li><span style=\"font-size: large;\">Att du och dina deltagare blir tryggare med att anv\u00e4nda dig av nya tekniken<\/span><\/li>\n<\/ul>\n<p>[\/et_pb_text][\/et_pb_column][\/et_pb_row][et_pb_row custom_padding=&#8221;5px||5px|&#8221; _builder_version=&#8221;3.0.59&#8243;][et_pb_column type=&#8221;4_4&#8243;][et_pb_divider color=&#8221;#0c71c3&#8243; show_divider=&#8221;on&#8221; _builder_version=&#8221;3.0.59&#8243; \/][\/et_pb_column][\/et_pb_row][et_pb_row _builder_version=&#8221;3.0.59&#8243;][et_pb_column type=&#8221;1_2&#8243;][et_pb_text _builder_version=&#8221;3.0.59&#8243;]<\/p>\n<p><span style=\"font-size: large;\"><strong>Inneh\u00e5ll:<\/strong><\/span><\/p>\n<p><span style=\"font-size: large;\"><strong>F\u00f6rberedande uppgifter<\/strong><\/span><\/p>\n<p><span style=\"font-size: large;\"><strong>M\u00f6tet blir inte b\u00e4ttre \u00e4n m\u00e4nniskan <\/strong><\/span><\/p>\n<ul>\n<li><span style=\"font-size: large;\">Hj\u00e4rnan och impulskontroll<\/span><\/li>\n<li><span style=\"font-size: large;\">7 nycklar f\u00f6r en bra start p\u00e5 m\u00f6tet<\/span><\/li>\n<\/ul>\n<p><span style=\"font-size: large;\"><strong>Praktiska tips kring ledning av digitala m\u00f6ten <\/strong><\/span><\/p>\n<ul>\n<li><span style=\"font-size: large;\">V\u00e5ra b\u00e4sta tips till dig som \u00e4r m\u00f6tesledare<\/span><\/li>\n<li><span style=\"font-size: large;\">V\u00e5ra b\u00e4sta tips p\u00e5 hur delta f\u00f6r optimalt v\u00e4rde<\/span><\/li>\n<li><span style=\"font-size: large;\">Hur aktivera deltagarna p\u00e5 b\u00e4sta s\u00e4tt<\/span><\/li>\n<\/ul>\n<p><span style=\"font-size: large;\"><strong>Hantera och bli trygg med tekniken<\/strong><\/span><\/p>\n<p><span style=\"font-size: large;\"><strong>Hur planera f\u00f6r ett m\u00f6te <\/strong><\/span><\/p>\n<ul>\n<li><span style=\"font-size: large;\">Checklistor f\u00f6re \u2013 under \u2013 efter m\u00f6tet<\/span><\/li>\n<\/ul>\n<p>[\/et_pb_text][\/et_pb_column][et_pb_column type=&#8221;1_4&#8243;][et_pb_text _builder_version=&#8221;3.0.59&#8243;]<\/p>\n<p style=\"text-align: center;\"><span style=\"font-size: large;\"><strong>ca 2,5 timmar<\/strong><\/span><\/p>\n<p style=\"text-align: center;\"><span style=\"font-size: large;\"><strong>via Zoom<\/strong><\/span><\/p>\n<p>[\/et_pb_text][\/et_pb_column][et_pb_column type=&#8221;1_4&#8243;][et_pb_text _builder_version=&#8221;3.0.59&#8243;]<\/p>\n<p style=\"text-align: right;\"><span style=\"font-size: large;\"><strong>\u00a0 \u00a0 Kostnad:<\/strong><\/span><\/p>\n<p style=\"text-align: right;\"><span style=\"font-size: x-large; color: #008eba;\"><strong>2.390kr <span style=\"font-size: large;\">ex.moms<\/span><\/strong><\/span><\/p>\n<p>[\/et_pb_text][\/et_pb_column][\/et_pb_row][et_pb_row custom_padding=&#8221;5px||5px|&#8221; _builder_version=&#8221;3.0.59&#8243;][et_pb_column type=&#8221;4_4&#8243;][et_pb_text _builder_version=&#8221;3.0.59&#8243; inline_fonts=&#8221;Raleway&#8221;]<\/p>\n<h2><span style=\"color: #0c71c3;\"><strong>Datum<\/strong><\/span><\/h2>\n<p>[\/et_pb_text][\/et_pb_column][\/et_pb_row][et_pb_row custom_padding=&#8221;5px||5px|&#8221; _builder_version=&#8221;3.0.59&#8243;][et_pb_column type=&#8221;4_4&#8243;][et_pb_divider color=&#8221;#0c71c3&#8243; show_divider=&#8221;on&#8221; _builder_version=&#8221;3.0.59&#8243; \/][\/et_pb_column][\/et_pb_row][et_pb_row custom_padding=&#8221;10px|||&#8221; _builder_version=&#8221;3.0.59&#8243;][et_pb_column type=&#8221;4_4&#8243;][et_pb_text _builder_version=&#8221;3.0.59&#8243;]<\/p>\n<ul>\n<li><span style=\"font-size: large;\"><strong>16 jun kl 09.00-11.30<\/strong><\/span><\/li>\n<\/ul>\n<p>[\/et_pb_text][\/et_pb_column][\/et_pb_row][et_pb_row custom_padding=&#8221;5px||5px|&#8221; _builder_version=&#8221;3.0.59&#8243;][et_pb_column type=&#8221;4_4&#8243;][et_pb_divider color=&#8221;#0c71c3&#8243; show_divider=&#8221;on&#8221; _builder_version=&#8221;3.0.59&#8243; \/][\/et_pb_column][\/et_pb_row][\/et_pb_section][et_pb_section bb_built=&#8221;1&#8243; custom_padding=&#8221;25px|0px|54px|0px&#8221; module_id=&#8221;contactform&#8221; _builder_version=&#8221;3.0.59&#8243; use_background_color_gradient=&#8221;on&#8221; background_color_gradient_start=&#8221;#29c4a9&#8243; background_color_gradient_end=&#8221;#2b87da&#8221; background_position=&#8221;bottom_center&#8221; saved_tabs=&#8221;all&#8221;][et_pb_row custom_padding=&#8221;54px|0px|27px|0px&#8221; _builder_version=&#8221;3.0.47&#8243; background_size=&#8221;initial&#8221; background_position=&#8221;top_left&#8221; background_repeat=&#8221;repeat&#8221;][et_pb_column type=&#8221;4_4&#8243;][et_pb_cta use_background_color=&#8221;off&#8221; _builder_version=&#8221;3.0.59&#8243; background_size=&#8221;initial&#8221; background_position=&#8221;top_left&#8221; background_repeat=&#8221;repeat&#8221; inline_fonts=&#8221;Raleway&#8221;]<\/p>\n<p><span style=\"font-size: xx-large;\"><strong>Ta kontakt med oss f\u00f6r mer information<\/strong><\/span><\/p>\n<p class=\"\"><span style=\"font-size: large;\"><strong>*L\u00e4mna ett telefonnummer om du vill blir uppringd!<\/strong><\/span><\/p>\n<p>[\/et_pb_cta][\/et_pb_column][\/et_pb_row][et_pb_row use_custom_width=&#8221;on&#8221; custom_width_px=&#8221;800px&#8221; custom_padding=&#8221;0px|0px|0px|0px&#8221; _builder_version=&#8221;3.0.59&#8243;][et_pb_column type=&#8221;4_4&#8243;][et_pb_contact_form email=&#8221;info@hastutveckling.se&#8221; custom_message=&#8221;Anm\u00e4lan till Utbildningen \u201dLeda effektiva digitala m\u00f6ten\u201d f\u00f6r %%Name%% fr\u00e5n %%Company%%, tel %%Phone%%, email %%Email%% Tillf\u00e4lle: %%Kurs%%||et_pb_line_break_holder||||et_pb_line_break_holder||%%V\u00e4lj%%||et_pb_line_break_holder||||et_pb_line_break_holder||Meddelande:||et_pb_line_break_holder||%%Message%%&#8221; success_message=&#8221;HURRA! Din email har skickats! Vi kommer att h\u00f6ra av oss inom kort.&#8221; submit_button_text=&#8221;Skicka!&#8221; module_id=&#8221;et_pb_contact_form_0&#8243; _builder_version=&#8221;3.0.59&#8243; title_text_color=&#8221;#000000&#8243; form_field_font_size=&#8221;16px&#8221; form_field_text_color=&#8221;#3f3f3f&#8221; custom_button=&#8221;on&#8221; button_text_color=&#8221;#333333&#8243; button_bg_color=&#8221;rgba(255,255,255,0.7)&#8221; button_border_color=&#8221;#9e9e9e&#8221; button_font=&#8221;|on|||&#8221; button_bg_color_hover=&#8221;rgba(255,255,255,0.46)&#8221;] [et_pb_contact_field field_id=&#8221;Name&#8221; field_title=&#8221;Namn&#8221; min_length=&#8221;4&#8243; field_background_color=&#8221;rgba(255,255,255,0.7)&#8221; _builder_version=&#8221;3.0.47&#8243; form_field_text_color=&#8221;rgba(63,63,63,0.62)&#8221;][\/et_pb_contact_field][et_pb_contact_field field_id=&#8221;Company&#8221; field_title=&#8221;F\u00f6retag&#8221; field_background_color=&#8221;rgba(255,255,255,0.7)&#8221; _builder_version=&#8221;3.0.47&#8243; form_field_text_color=&#8221;rgba(63,63,63,0.54)&#8221;][\/et_pb_contact_field][et_pb_contact_field field_id=&#8221;Phone&#8221; field_title=&#8221;Telefon &#8221; field_background_color=&#8221;rgba(255,255,255,0.7)&#8221; _builder_version=&#8221;3.0.47&#8243; form_field_text_color=&#8221;rgba(63,63,63,0.54)&#8221;][\/et_pb_contact_field][et_pb_contact_field field_id=&#8221;Email&#8221; field_title=&#8221;Email&#8221; field_type=&#8221;email&#8221; field_background_color=&#8221;rgba(255,255,255,0.7)&#8221; _builder_version=&#8221;3.0.47&#8243; form_field_text_color=&#8221;rgba(63,63,63,0.54)&#8221;][\/et_pb_contact_field][et_pb_contact_field field_id=&#8221;Message&#8221; field_title=&#8221;Meddelande&#8221; field_type=&#8221;text&#8221; fullwidth_field=&#8221;on&#8221; field_background_color=&#8221;rgba(255,255,255,0.7)&#8221; _builder_version=&#8221;3.0.47&#8243; form_field_text_color=&#8221;#828282&#8243;][\/et_pb_contact_field][et_pb_contact_field field_id=&#8221;Kurs&#8221; field_title=&#8221;Tillf\u00e4lle&#8221; field_type=&#8221;select&#8221; select_options=&#8221;%91{%22value%22:%2216 juni kl 09.00-11.30 &#8211; Att leda digitala m\u00f6ten effektivt%22,%22checked%22:0,%22dragID%22:0}%93&#8243; fullwidth_field=&#8221;on&#8221; field_background_color=&#8221;#b0ddf4&#8243; _builder_version=&#8221;3.0.59&#8243;][\/et_pb_contact_field][et_pb_contact_field field_id=&#8221;V\u00e4lj&#8221; field_title=&#8221;V\u00e4lj&#8221; field_type=&#8221;select&#8221; select_options=&#8221;%91{%22value%22:%22Ja tack, jag vill anm\u00e4la mig till f\u00f6ljande utbildning%22,%22checked%22:0,%22dragID%22:0},{%22value%22:%22Ja tack, jag vill att ni kontaktar mig f\u00f6r mer information%22,%22checked%22:0,%22dragID%22:1}%93&#8243; fullwidth_field=&#8221;on&#8221; _builder_version=&#8221;3.0.59&#8243;][\/et_pb_contact_field] [\/et_pb_contact_form][\/et_pb_column][\/et_pb_row][et_pb_row use_custom_width=&#8221;on&#8221; custom_width_px=&#8221;800px&#8221; custom_padding=&#8221;0px|0px|59px|0px&#8221; _builder_version=&#8221;3.0.59&#8243;][et_pb_column type=&#8221;4_4&#8243;][et_pb_text background_layout=&#8221;dark&#8221; text_orientation=&#8221;right&#8221; _builder_version=&#8221;3.0.59&#8243; text_font_size=&#8221;11px&#8221; text_font_size_phone=&#8221;10px&#8221; text_font_size_last_edited=&#8221;on|desktop&#8221; text_text_color=&#8221;#ffffff&#8221;]<\/p>\n<p style=\"text-align: right;\">F\u00f6r att \u00f6ka s\u00e4kerheten p\u00e5 formul\u00e4ret s\u00e5 anv\u00e4nder vi siffer-captcha. Ber\u00e4kna talet innan du klickar p\u00e5 &#8220;Skicka anm\u00e4lan&#8221;<\/p>\n<p class=\"N-ZiCg direction-ltr align-center para-style-body et-fb-mce-line-break-holder\" style=\"text-align: center;\">[\/et_pb_text][\/et_pb_column][\/et_pb_row][\/et_pb_section][et_pb_section bb_built=&#8221;1&#8243; _builder_version=&#8221;3.0.59&#8243; saved_tabs=&#8221;all&#8221; global_module=&#8221;1821&#8243;][et_pb_row global_parent=&#8221;1821&#8243; _builder_version=&#8221;3.0.59&#8243;][et_pb_column type=&#8221;4_4&#8243;][et_pb_text global_parent=&#8221;1821&#8243; _builder_version=&#8221;3.0.59&#8243;]<\/p>\n<p><span style=\"font-size: large;\"><strong>K\u00d6PVILLKOR<\/strong><\/span><\/p>\n<p><strong>Betalning<\/strong><\/p>\n<ul>\n<li>Deltagare \u00e4r anm\u00e4ld s\u00e5 snart HAST Utveckling har bekr\u00e4ftat bokningen, anm\u00e4lan \u00e4r bindande.<\/li>\n<li>Utbildningen betalas i f\u00f6rskott och betalningsvillkoren \u00e4r 30 dagar netto fr\u00e5n fakturadatumet.<\/li>\n<li>Fakturan p\u00e5 deltagaravgiften skickas inom ca 1 vecka efter mottagen anm\u00e4lan. Moms tillkommer<br \/>\np\u00e5 alla priser och g\u00e4ller med reservation f\u00f6r eventuella felskrivningar.<\/li>\n<li>Efter f\u00f6rfallodagen debiteras dr\u00f6jsm\u00e5lsr\u00e4nta med 8,5%<\/li>\n<\/ul>\n<p><strong>Avanm\u00e4lan eller sjukdom<\/strong><\/p>\n<ul>\n<li>Om du innan utbildningstillf\u00e4llet vet att du f\u00e5tt f\u00f6rhinder, kan du avboka din plats upp till 5 veckor<br \/>\ninnan starten p\u00e5 din utbildning. Det fakturerade beloppet f\u00f6r utbildningen betalas d\u00e5 tillbaka minus<br \/>\natt avdrag f\u00f6r en avbokningskostnad p\u00e5 1000 kr exkl moms.<\/li>\n<li>Vid avanm\u00e4lan eller sjukdom mindre \u00e4n 5 veckor innan startdatumet p\u00e5 din utbildning kan du omboka<br \/>\ntill ett annat datumtillf\u00e4lle inom 12 m\u00e5n fr\u00e5n utbildningens startdatum. Alternativt kan din plats \u00f6verl\u00e5tas till en kollega<br \/>\ninom din verksamhet\/f\u00f6retag utan kostnad. Skicka oss d\u00e5 ett mejl d\u00e4r du uppger kollegas namn, mobilnummer samt e-post adress.<\/li>\n<li>Vid sjukdom f\u00f6r egen del eller n\u00e4rst\u00e5endes del samma dag som utbildningen startar s\u00e5 att du inte kan n\u00e4rvara p\u00e5 utbildningen<br \/>\nhar du m\u00f6jlighet att mejla oss ett sjukintyg s\u00e5 g\u00f6r vi vad vi kan f\u00f6r att hj\u00e4lpa dig byta till ett annat tillf\u00e4lle.<\/li>\n<\/ul>\n<p>&nbsp;<\/p>\n<p><strong>Inst\u00e4lld kurs<\/strong><\/p>\n<ul>\n<li>Vi reserverar oss f\u00f6r f\u00f6r\u00e4ndringar i v\u00e5ra program och utbud<\/li>\n<li>HAST Utveckling AB kan komma att beh\u00f6va st\u00e4lla in en utbildning p g a f\u00f6r f\u00e5 deltagare eller andra faktorer<br \/>\nutanf\u00f6r v\u00e5r kontroll. I dessa l\u00e4gen blir du informerad via e-post snarast m\u00f6jligt. Du f\u00e5r d\u00e5 m\u00f6jlighet att deltaga p\u00e5 samma<br \/>\nutbildning vid ett senare tillf\u00e4lle (inom 12 m\u00e5nader fr\u00e5n ditt ursprungliga bokade utbildningstillf\u00e4lle) alternativt<br \/>\nv\u00e4ljer du om du \u00f6nskar erh\u00e5lla ett v\u00e4rdebevis f\u00f6r annan utbildning hos oss. Skulle utbildningen komma att strykas helt fr\u00e5n<br \/>\nv\u00e5rt utbud av program och utbildningar kommer din utbildningsavgift att \u00e5terbetalas.<\/li>\n<li>I samband med inst\u00e4llda kurser \u00e4r HAST Utveckling AB \u00e4r inte ers\u00e4ttningsskyldig n\u00e4r det g\u00e4ller kostnader f\u00f6r resekostnader<br \/>\n(t ex bil, t\u00e5g, flyg), hotellbokningar eller liknande.<\/li>\n<\/ul>\n<p class=\"N-ZiCg direction-ltr align-center para-style-body et-fb-mce-line-break-holder\" style=\"text-align: center;\">[\/et_pb_text][\/et_pb_column][\/et_pb_row][\/et_pb_section][et_pb_section bb_built=&#8221;1&#8243; custom_padding=&#8221;54px|0px|46px|0px&#8221; _builder_version=&#8221;3.0.59&#8243; background_image=&#8221;http:\/\/www.1.hastutveckling.se\/info\/files\/2017\/09\/footer-background.jpg&#8221;][et_pb_row custom_padding=&#8221;27px|0px|0px|0px&#8221; _builder_version=&#8221;3.0.59&#8243;][et_pb_column type=&#8221;1_3&#8243;][et_pb_cta title=&#8221;OM HAST UTVECKLING&#8221; use_background_color=&#8221;off&#8221; background_layout=&#8221;light&#8221; _builder_version=&#8221;3.0.59&#8243;]<\/p>\n<p>Vi har en passion f\u00f6r att bidra till insikter som ger best\u00e5ende resultat b\u00e5de f\u00f6r individer och organisationer. Inom omr\u00e5den som Kommunikation, Effektivitet och Ledarskap har vi sedan 2001 utvecklat chefer och medarbetare i \u00f6ver 25% av Sveriges st\u00f6rsta f\u00f6retag. <span style=\"color: #0c71c3;\"><a title=\"HAST Utveckling - mission\" href=\"http:\/\/www.1.hastutveckling.se\/hast-mission\/\" target=\"_blank\" rel=\"noopener noreferrer\">L\u00e4s mer om HAST Utveckling.\u00a0<\/a><\/span><\/p>\n<p class=\"N-ZiCg direction-ltr align-center para-style-body et-fb-mce-line-break-holder\" style=\"text-align: center;\">[\/et_pb_cta][\/et_pb_column][et_pb_column type=&#8221;1_3&#8243;][et_pb_cta title=&#8221;ADRESS&#8221; use_background_color=&#8221;off&#8221; background_layout=&#8221;light&#8221; _builder_version=&#8221;3.0.59&#8243;]<\/p>\n<p>HAST UTVECKLING AB <span style=\"font-size: 14px;\">M\u00c4SSANS GATA 10, 7 TR <\/span><span style=\"font-size: 14px;\">G\u00d6TEBORG<\/span> TEL: +46 31-56 25 20 <a title=\"Till kontaktformul\u00e4ret!\" href=\"#\">Skicka oss ett mail!<\/a><\/p>\n<p class=\"N-ZiCg direction-ltr align-center para-style-body et-fb-mce-line-break-holder\" style=\"text-align: center;\">[\/et_pb_cta][\/et_pb_column][et_pb_column type=&#8221;1_3&#8243;][et_pb_cta title=&#8221;NYHETSBREV&#8221; use_background_color=&#8221;off&#8221; background_layout=&#8221;light&#8221; _builder_version=&#8221;3.0.59&#8243;]<\/p>\n<p>En g\u00e5ng per m\u00e5nad skriver mina kollegor p\u00e5 HAST Utveckling och jag om \u00e4mnen som vi arbetar med. Du kan anm\u00e4la dig som prenumerant till det nyhetsbrevet <a title=\"Anm\u00e4lan - HAST Nyhetsbrev\" href=\"http:\/\/hastutveckling.us1.list-manage.com\/subscribe?u=e21db02390cc6082f1e4b765c&amp;id=cb023ce579\" target=\"_blank\" rel=\"noopener noreferrer\">h\u00e4r<\/a><\/p>\n<p class=\"N-ZiCg direction-ltr align-center para-style-body et-fb-mce-line-break-holder\" style=\"text-align: center;\">[\/et_pb_cta][et_pb_cta title=&#8221;PRIVACY POLICY&#8221; use_background_color=&#8221;off&#8221; background_layout=&#8221;light&#8221; _builder_version=&#8221;3.0.59&#8243;]<\/p>\n<p>L\u00e4s v\u00e5ra Privacy Policy h\u00e4r:\u00a0<a title=\"Wilhelm Hast - BLOGG\" href=\"http:\/\/www.1.hastutveckling.se\/info\/files\/2018\/05\/updated-privacy-policy-may-2018.pdf\">KLICKA H\u00c4R<\/a><\/p>\n<p class=\"N-ZiCg direction-ltr align-center para-style-body et-fb-mce-line-break-holder\" style=\"text-align: center;\">[\/et_pb_cta][\/et_pb_column][\/et_pb_row][\/et_pb_section]<\/p>\n","protected":false},"excerpt":{"rendered":"<p>[et_pb_section bb_built=&#8221;1&#8243; admin_label=&#8221;7-9 Header Divi Layout Kit&#8221; custom_padding=&#8221;350px||0vw|&#8221; custom_padding_tablet=&#8221;6vw||6vw|&#8221; custom_padding_phone=&#8221;8vw||8vw|&#8221; module_class=&#8221;header1&#8243; custom_padding_last_edited=&#8221;off|desktop&#8221; _builder_version=&#8221;3.0.59&#8243; use_background_color_gradient=&#8221;on&#8221; background_image=&#8221;http:\/\/www.1.hastutveckling.se\/info\/files\/2020\/04\/20.png&#8221;][et_pb_row _builder_version=&#8221;3.0.59&#8243;][et_pb_column type=&#8221;4_4&#8243;][et_pb_text _builder_version=&#8221;3.0.59&#8243; \/][\/et_pb_column][\/et_pb_row][\/et_pb_section][et_pb_section bb_built=&#8221;1&#8243; custom_padding=&#8221;0px|0px|0px|0px&#8221; module_class=&#8221;content14&#8243; _builder_version=&#8221;3.0.59&#8243;][et_pb_row custom_padding=&#8221;25px||5px|&#8221; _builder_version=&#8221;3.0.59&#8243;][et_pb_column type=&#8221;2_3&#8243;][et_pb_text _builder_version=&#8221;3.0.59&#8243; inline_fonts=&#8221;Raleway&#8221;] Utbildning: &#8220;Att leda digitala m\u00f6ten effektivt&#8221; [\/et_pb_text][\/et_pb_column][et_pb_column type=&#8221;1_3&#8243;][et_pb_image src=&#8221;http:\/\/www.1.hastutveckling.se\/info\/files\/2015\/03\/Hast_1-300&#215;74.png&#8221; max_width=&#8221;200px&#8221; force_fullwidth=&#8221;on&#8221; _builder_version=&#8221;3.0.59&#8243; custom_margin=&#8221;|||150px&#8221; \/][et_pb_button button_url=&#8221;http:\/\/www.1.hastutveckling.se\/info\/digitala-moten\/&#8221; button_text=&#8221;Hem&#8221; button_alignment=&#8221;right&#8221; _builder_version=&#8221;3.0.59&#8243; custom_button=&#8221;on&#8221; button_text_size=&#8221;12px&#8221; background_color=&#8221;#d62630&#8243; \/][\/et_pb_column][\/et_pb_row][et_pb_row custom_padding=&#8221;5px||5px|&#8221; _builder_version=&#8221;3.0.59&#8243;][et_pb_column type=&#8221;4_4&#8243;][et_pb_divider color=&#8221;#0c71c3&#8243; show_divider=&#8221;on&#8221; [&hellip;]<\/p>\n","protected":false},"author":3,"featured_media":0,"parent":0,"menu_order":0,"comment_status":"closed","ping_status":"closed","template":"page-template-blank.php","meta":[],"_links":{"self":[{"href":"http:\/\/www.1.hastutveckling.se\/info\/wp-json\/wp\/v2\/pages\/1342"}],"collection":[{"href":"http:\/\/www.1.hastutveckling.se\/info\/wp-json\/wp\/v2\/pages"}],"about":[{"href":"http:\/\/www.1.hastutveckling.se\/info\/wp-json\/wp\/v2\/types\/page"}],"author":[{"embeddable":true,"href":"http:\/\/www.1.hastutveckling.se\/info\/wp-json\/wp\/v2\/users\/3"}],"replies":[{"embeddable":true,"href":"http:\/\/www.1.hastutveckling.se\/info\/wp-json\/wp\/v2\/comments?post=1342"}],"version-history":[{"count":31,"href":"http:\/\/www.1.hastutveckling.se\/info\/wp-json\/wp\/v2\/pages\/1342\/revisions"}],"predecessor-version":[{"id":1900,"href":"http:\/\/www.1.hastutveckling.se\/info\/wp-json\/wp\/v2\/pages\/1342\/revisions\/1900"}],"wp:attachment":[{"href":"http:\/\/www.1.hastutveckling.se\/info\/wp-json\/wp\/v2\/media?parent=1342"}],"curies":[{"name":"wp","href":"https:\/\/api.w.org\/{rel}","templated":true}]}}